{"id":716,"date":"2022-05-21T16:41:08","date_gmt":"2022-05-21T16:41:08","guid":{"rendered":"https:\/\/rotes-kreuz-germersheim.de\/?page_id=716"},"modified":"2024-07-09T14:45:13","modified_gmt":"2024-07-09T12:45:13","slug":"ferienprogramm-2022","status":"publish","type":"page","link":"https:\/\/rotes-kreuz-germersheim.de\/?page_id=716","title":{"rendered":"Jugendrotkreuz"},"content":{"rendered":"\n<figure class=\"wp-block-image size-full is-style-default\"><img fetchpriority=\"high\" decoding=\"async\" width=\"700\" height=\"525\" src=\"https:\/\/rotes-kreuz-germersheim.de\/wp-content\/uploads\/2024\/06\/csm_20231018_Umfrage_JRK-Stickerset_2023_197687a56d.png\" alt=\"\" class=\"wp-image-1523\" srcset=\"https:\/\/rotes-kreuz-germersheim.de\/wp-content\/uploads\/2024\/06\/csm_20231018_Umfrage_JRK-Stickerset_2023_197687a56d.png 700w, https:\/\/rotes-kreuz-germersheim.de\/wp-content\/uploads\/2024\/06\/csm_20231018_Umfrage_JRK-Stickerset_2023_197687a56d-300x225.png 300w\" sizes=\"(max-width: 700px) 100vw, 700px\" \/><\/figure>\n\n\n\n<p>Willst du auch dabei sein und lernen, wie du anderen Menschen im Notfall helfen kannst?<\/p>\n\n\n\n<p>Wir freuen uns auf dich! <\/p>\n\n\n\n<p>Bei unseren Gruppenstunden steht Spiel und Spa\u00df genauso wie die Erste Hilfe im Mittelpunkt.<\/p>\n\n\n\n<p>Komm gerne jederzeit vorbei. Wir treffen uns Dienstags um 17:00 Uhr.<\/p>\n\n\n\n<div class=\"wp-block-media-text is-stacked-on-mobile\" style=\"grid-template-columns:15% auto\"><figure class=\"wp-block-media-text__media\"><img decoding=\"async\" width=\"843\" height=\"1024\" src=\"https:\/\/rotes-kreuz-germersheim.de\/wp-content\/uploads\/2024\/06\/Generisch_Sticker_Standort-843x1024.png\" alt=\"\" class=\"wp-image-1525 size-full\" srcset=\"https:\/\/rotes-kreuz-germersheim.de\/wp-content\/uploads\/2024\/06\/Generisch_Sticker_Standort-843x1024.png 843w, https:\/\/rotes-kreuz-germersheim.de\/wp-content\/uploads\/2024\/06\/Generisch_Sticker_Standort-247x300.png 247w, https:\/\/rotes-kreuz-germersheim.de\/wp-content\/uploads\/2024\/06\/Generisch_Sticker_Standort-768x933.png 768w, https:\/\/rotes-kreuz-germersheim.de\/wp-content\/uploads\/2024\/06\/Generisch_Sticker_Standort.png 1237w\" sizes=\"(max-width: 767px) 89vw, (max-width: 1000px) 54vw, (max-width: 1071px) 543px, 580px\" \/><\/figure><div class=\"wp-block-media-text__content\">\n<p>Altes Feuerwehrhaus &amp; Kastrophenschutzzentrum<\/p>\n\n\n\n<p>Sondernheimer Stra\u00dfe 5, 76726 Germersheim <\/p>\n<\/div><\/div>\n\n\n\n<div class=\"wp-block-media-text is-stacked-on-mobile\" style=\"grid-template-columns:15% auto\"><figure class=\"wp-block-media-text__media\"><img decoding=\"async\" width=\"1022\" height=\"1024\" src=\"https:\/\/rotes-kreuz-germersheim.de\/wp-content\/uploads\/2024\/06\/Generisch_Sticker_Uhr-1022x1024.png\" alt=\"\" class=\"wp-image-1524 size-full\" srcset=\"https:\/\/rotes-kreuz-germersheim.de\/wp-content\/uploads\/2024\/06\/Generisch_Sticker_Uhr-1022x1024.png 1022w, https:\/\/rotes-kreuz-germersheim.de\/wp-content\/uploads\/2024\/06\/Generisch_Sticker_Uhr-300x300.png 300w, https:\/\/rotes-kreuz-germersheim.de\/wp-content\/uploads\/2024\/06\/Generisch_Sticker_Uhr-150x150.png 150w, https:\/\/rotes-kreuz-germersheim.de\/wp-content\/uploads\/2024\/06\/Generisch_Sticker_Uhr-768x770.png 768w, https:\/\/rotes-kreuz-germersheim.de\/wp-content\/uploads\/2024\/06\/Generisch_Sticker_Uhr-100x100.png 100w, https:\/\/rotes-kreuz-germersheim.de\/wp-content\/uploads\/2024\/06\/Generisch_Sticker_Uhr.png 1520w\" sizes=\"(max-width: 767px) 89vw, (max-width: 1000px) 54vw, (max-width: 1071px) 543px, 580px\" \/><\/figure><div class=\"wp-block-media-text__content\">\n<p>jeden Dienstag, 17:00- 18:30 Uhr<\/p>\n\n\n\n<p><\/p>\n<\/div><\/div>\n\n\n\n<div class=\"wp-block-media-text is-stacked-on-mobile\" style=\"grid-template-columns:15% auto\"><figure class=\"wp-block-media-text__media\"><img loading=\"lazy\" decoding=\"async\" width=\"1024\" height=\"950\" src=\"https:\/\/rotes-kreuz-germersheim.de\/wp-content\/uploads\/2024\/06\/Zusammenarbeit_Sticker_High_Five-1024x950.png\" alt=\"\" class=\"wp-image-1526 size-full\" srcset=\"https:\/\/rotes-kreuz-germersheim.de\/wp-content\/uploads\/2024\/06\/Zusammenarbeit_Sticker_High_Five-1024x950.png 1024w, https:\/\/rotes-kreuz-germersheim.de\/wp-content\/uploads\/2024\/06\/Zusammenarbeit_Sticker_High_Five-300x278.png 300w, https:\/\/rotes-kreuz-germersheim.de\/wp-content\/uploads\/2024\/06\/Zusammenarbeit_Sticker_High_Five-768x713.png 768w, https:\/\/rotes-kreuz-germersheim.de\/wp-content\/uploads\/2024\/06\/Zusammenarbeit_Sticker_High_Five-1536x1426.png 1536w, https:\/\/rotes-kreuz-germersheim.de\/wp-content\/uploads\/2024\/06\/Zusammenarbeit_Sticker_High_Five.png 1782w\" sizes=\"(max-width: 767px) 89vw, (max-width: 1000px) 54vw, (max-width: 1071px) 543px, 580px\" \/><\/figure><div class=\"wp-block-media-text__content\">\n<p>F\u00fcr alle Kinder zwischen 6-16 Jahren<\/p>\n\n\n\n<p><\/p>\n<\/div><\/div>\n\n\n\n<div class=\"wp-block-media-text is-stacked-on-mobile\" style=\"grid-template-columns:15% auto\"><figure class=\"wp-block-media-text__media\"><img loading=\"lazy\" decoding=\"async\" width=\"1024\" height=\"1024\" src=\"https:\/\/rotes-kreuz-germersheim.de\/wp-content\/uploads\/2024\/06\/Generisch_Sticker_Information-1024x1024.png\" alt=\"\" class=\"wp-image-1529 size-full\" srcset=\"https:\/\/rotes-kreuz-germersheim.de\/wp-content\/uploads\/2024\/06\/Generisch_Sticker_Information-1024x1024.png 1024w, https:\/\/rotes-kreuz-germersheim.de\/wp-content\/uploads\/2024\/06\/Generisch_Sticker_Information-300x300.png 300w, https:\/\/rotes-kreuz-germersheim.de\/wp-content\/uploads\/2024\/06\/Generisch_Sticker_Information-150x150.png 150w, https:\/\/rotes-kreuz-germersheim.de\/wp-content\/uploads\/2024\/06\/Generisch_Sticker_Information-768x769.png 768w, https:\/\/rotes-kreuz-germersheim.de\/wp-content\/uploads\/2024\/06\/Generisch_Sticker_Information-1534x1536.png 1534w, https:\/\/rotes-kreuz-germersheim.de\/wp-content\/uploads\/2024\/06\/Generisch_Sticker_Information-100x100.png 100w, https:\/\/rotes-kreuz-germersheim.de\/wp-content\/uploads\/2024\/06\/Generisch_Sticker_Information.png 1592w\" sizes=\"(max-width: 767px) 89vw, (max-width: 1000px) 54vw, (max-width: 1071px) 543px, 580px\" \/><\/figure><div class=\"wp-block-media-text__content\">\n<p>Noch Fragen ? Melde dich bei: jrk@drk-ov-germersheim.de<\/p>\n<\/div><\/div>\n\n\n\n<p>Du bist 16 Jahre oder \u00e4lter und willst als Gruppenleiter unterst\u00fctzen? Melde dich gerne bei uns!<\/p>\n\n\n\n<p><\/p>\n","protected":false},"excerpt":{"rendered":"<p>Willst du auch dabei sein und lernen, wie du anderen Menschen im Notfall helfen kannst? Wir freuen uns auf dich! Bei unseren Gruppenstunden steht Spiel und Spa\u00df genauso wie die Erste Hilfe im Mittelpunkt. Komm gerne jederzeit vorbei. Wir treffen uns Dienstags um 17:00 Uhr. Altes Feuerwehrhaus &amp; Kastrophenschutzzentrum Sondernheimer Stra\u00dfe 5, 76726 Germersheim jeden Dienstag, 17:00- 18:30 Uhr F\u00fcr alle Kinder zwischen 6-16 Jahren Noch Fragen ? Melde dich bei: jrk@drk-ov-germersheim.de Du bist 16 Jahre oder \u00e4lter und willst als Gruppenleiter unterst\u00fctzen? Melde dich gerne bei uns!<\/p>\n","protected":false},"author":1,"featured_media":0,"parent":0,"menu_order":0,"comment_status":"closed","ping_status":"closed","template":"","meta":{"footnotes":""},"class_list":["post-716","page","type-page","status-publish","hentry"],"_links":{"self":[{"href":"https:\/\/rotes-kreuz-germersheim.de\/index.php?rest_route=\/wp\/v2\/pages\/716","targetHints":{"allow":["GET"]}}],"collection":[{"href":"https:\/\/rotes-kreuz-germersheim.de\/index.php?rest_route=\/wp\/v2\/pages"}],"about":[{"href":"https:\/\/rotes-kreuz-germersheim.de\/index.php?rest_route=\/wp\/v2\/types\/page"}],"author":[{"embeddable":true,"href":"https:\/\/rotes-kreuz-germersheim.de\/index.php?rest_route=\/wp\/v2\/users\/1"}],"replies":[{"embeddable":true,"href":"https:\/\/rotes-kreuz-germersheim.de\/index.php?rest_route=%2Fwp%2Fv2%2Fcomments&post=716"}],"version-history":[{"count":12,"href":"https:\/\/rotes-kreuz-germersheim.de\/index.php?rest_route=\/wp\/v2\/pages\/716\/revisions"}],"predecessor-version":[{"id":1548,"href":"https:\/\/rotes-kreuz-germersheim.de\/index.php?rest_route=\/wp\/v2\/pages\/716\/revisions\/1548"}],"wp:attachment":[{"href":"https:\/\/rotes-kreuz-germersheim.de\/index.php?rest_route=%2Fwp%2Fv2%2Fmedia&parent=716"}],"curies":[{"name":"wp","href":"https:\/\/api.w.org\/{rel}","templated":true}]}}