{"id":556,"date":"2022-05-13T23:39:16","date_gmt":"2022-05-13T23:39:16","guid":{"rendered":"https:\/\/rotes-kreuz-germersheim.de\/?page_id=556"},"modified":"2022-05-21T17:36:46","modified_gmt":"2022-05-21T17:36:46","slug":"sanitaetsdienste","status":"publish","type":"page","link":"https:\/\/rotes-kreuz-germersheim.de\/?page_id=556","title":{"rendered":"Sanit\u00e4tsdienste"},"content":{"rendered":"\n<p>Sie f\u00fchren eine Veranstaltung durch und suchen nach einem professionellen Sanit\u00e4tsdienst: Kein Problem &#8211; Wir unterst\u00fctzen Sie gerne!<\/p>\n\n\n\n<p>Stellen Sie Ihre Anfrage an bereitschaftsleitung@drk-ov-germersheim.de.<\/p>\n\n\n\n<p>Falls Sie keine beh\u00f6rdliche Anordnung haben, ermitteln wir gerne gemeinsam mit Ihnen den Bedarf<\/p>\n\n\n\n<p>\u00dcbrigens: Je fr\u00fcher Sie uns anfragen, desto g\u00fcnstiger wird es f\u00fcr Sie. Gleichzeitig helfen Sie unseren ehrenamtlichen Helfer*innen fr\u00fchzeitig ihre Dienststunden einzuplanen.<\/p>\n\n\n\n<figure class=\"wp-block-image size-large is-style-default\"><img fetchpriority=\"high\" decoding=\"async\" width=\"724\" height=\"1024\" src=\"https:\/\/rotes-kreuz-germersheim.de\/wp-content\/uploads\/2022\/05\/Cremefarben-und-Schwarz-Einfach-Bild-Veganes-Menue-Preisliste-1-724x1024.png\" alt=\"\" class=\"wp-image-557\" srcset=\"https:\/\/rotes-kreuz-germersheim.de\/wp-content\/uploads\/2022\/05\/Cremefarben-und-Schwarz-Einfach-Bild-Veganes-Menue-Preisliste-1-724x1024.png 724w, https:\/\/rotes-kreuz-germersheim.de\/wp-content\/uploads\/2022\/05\/Cremefarben-und-Schwarz-Einfach-Bild-Veganes-Menue-Preisliste-1-212x300.png 212w, https:\/\/rotes-kreuz-germersheim.de\/wp-content\/uploads\/2022\/05\/Cremefarben-und-Schwarz-Einfach-Bild-Veganes-Menue-Preisliste-1-768x1086.png 768w, https:\/\/rotes-kreuz-germersheim.de\/wp-content\/uploads\/2022\/05\/Cremefarben-und-Schwarz-Einfach-Bild-Veganes-Menue-Preisliste-1-1086x1536.png 1086w, https:\/\/rotes-kreuz-germersheim.de\/wp-content\/uploads\/2022\/05\/Cremefarben-und-Schwarz-Einfach-Bild-Veganes-Menue-Preisliste-1.png 1414w\" sizes=\"(max-width: 724px) 100vw, 724px\" \/><\/figure>\n\n\n\n<p>Jetzt eine unverbindliche Anfrage starten:<\/p>\n\n\n\n<div class=\"wp-block-contact-form-7-contact-form-selector\">\n<div class=\"wpcf7 no-js\" id=\"wpcf7-f730-o1\" lang=\"de-DE\" dir=\"ltr\" data-wpcf7-id=\"730\">\n<div class=\"screen-reader-response\"><p role=\"status\" aria-live=\"polite\" aria-atomic=\"true\"><\/p> <ul><\/ul><\/div>\n<form action=\"\/index.php?rest_route=%2Fwp%2Fv2%2Fpages%2F556#wpcf7-f730-o1\" method=\"post\" class=\"wpcf7-form init\" aria-label=\"Kontaktformular\" novalidate=\"novalidate\" data-status=\"init\">\n<fieldset class=\"hidden-fields-container\"><input type=\"hidden\" name=\"_wpcf7\" value=\"730\" \/><input type=\"hidden\" name=\"_wpcf7_version\" value=\"6.1.4\" \/><input type=\"hidden\" name=\"_wpcf7_locale\" value=\"de_DE\" \/><input type=\"hidden\" name=\"_wpcf7_unit_tag\" value=\"wpcf7-f730-o1\" \/><input type=\"hidden\" name=\"_wpcf7_container_post\" value=\"0\" \/><input type=\"hidden\" name=\"_wpcf7_posted_data_hash\" value=\"\" \/>\n<\/fieldset>\n<p><label> Name der Veranstaltung<br \/>\n<span class=\"wpcf7-form-control-wrap\" data-name=\"veranstaltungsname\"><input size=\"40\" maxlength=\"400\" class=\"wpcf7-form-control wpcf7-text wpcf7-validates-as-required\" aria-required=\"true\" aria-invalid=\"false\" value=\"\" type=\"text\" name=\"veranstaltungsname\" \/><\/span> <\/label>\n<\/p>\n<p><label>Veranstaltungszeit (bitte nennen sie alle relevanten Dienstzeiten. Planen Sie dabei einen Puffer ein, da \u00dcberstunden mit dem doppelten Stundensatz verrechnet werden.)<br \/>\n<span class=\"wpcf7-form-control-wrap\" data-name=\"veranstaltungszeit\"><input size=\"40\" maxlength=\"400\" class=\"wpcf7-form-control wpcf7-text wpcf7-validates-as-required\" aria-required=\"true\" aria-invalid=\"false\" value=\"\" type=\"text\" name=\"veranstaltungszeit\" \/><\/span> <\/label>\n<\/p>\n<p><label> Veranstaltungsort<br \/>\n<span class=\"wpcf7-form-control-wrap\" data-name=\"veranstaltungsort\"><input size=\"40\" maxlength=\"400\" class=\"wpcf7-form-control wpcf7-text wpcf7-validates-as-required\" aria-required=\"true\" aria-invalid=\"false\" value=\"\" type=\"text\" name=\"veranstaltungsort\" \/><\/span> <\/label>\n<\/p>\n<p><label> Erwartete Besucher<br \/>\n<span class=\"wpcf7-form-control-wrap\" data-name=\"besucheranzahl\"><input size=\"40\" maxlength=\"400\" class=\"wpcf7-form-control wpcf7-text wpcf7-validates-as-required\" aria-required=\"true\" aria-invalid=\"false\" value=\"\" type=\"text\" name=\"besucheranzahl\" \/><\/span> <\/label>\n<\/p>\n<p><label> Name des Veranstalters<br \/>\n<span class=\"wpcf7-form-control-wrap\" data-name=\"veranstaltername\"><input size=\"40\" maxlength=\"400\" class=\"wpcf7-form-control wpcf7-text wpcf7-validates-as-required\" aria-required=\"true\" aria-invalid=\"false\" value=\"\" type=\"text\" name=\"veranstaltername\" \/><\/span> <\/label>\n<\/p>\n<p><label> Name Ansprechpartner*in<br \/>\n<span class=\"wpcf7-form-control-wrap\" data-name=\"ansprechpartnername\"><input size=\"40\" maxlength=\"400\" class=\"wpcf7-form-control wpcf7-text wpcf7-validates-as-required\" aria-required=\"true\" aria-invalid=\"false\" value=\"\" type=\"text\" name=\"ansprechpartnername\" \/><\/span> <\/label>\n<\/p>\n<p><label> E-Mail-Adresse<br \/>\n<span class=\"wpcf7-form-control-wrap\" data-name=\"your-email\"><input size=\"40\" maxlength=\"400\" class=\"wpcf7-form-control wpcf7-email wpcf7-validates-as-required wpcf7-text wpcf7-validates-as-email\" aria-required=\"true\" aria-invalid=\"false\" value=\"\" type=\"email\" name=\"your-email\" \/><\/span> <\/label>\n<\/p>\n<p><label> Telefon<br \/>\n<span class=\"wpcf7-form-control-wrap\" data-name=\"Telefonnummer\"><input size=\"40\" maxlength=\"400\" class=\"wpcf7-form-control wpcf7-tel wpcf7-text wpcf7-validates-as-tel\" aria-invalid=\"false\" value=\"\" type=\"tel\" name=\"Telefonnummer\" \/><\/span> <\/label>\n<\/p>\n<p><label> Anforderung seitens der Stad- oder Kreisverwaltung<br \/>\n<span class=\"wpcf7-form-control-wrap\" data-name=\"your-subject\"><input size=\"40\" maxlength=\"400\" class=\"wpcf7-form-control wpcf7-text wpcf7-validates-as-required\" aria-required=\"true\" aria-invalid=\"false\" value=\"\" type=\"text\" name=\"your-subject\" \/><\/span> <\/label>\n<\/p>\n<p><label> Verpflegung wird kostenfrei gestellt?<br \/>\n<span class=\"wpcf7-form-control-wrap\" data-name=\"Verpflegung\"><select class=\"wpcf7-form-control wpcf7-select wpcf7-validates-as-required\" aria-required=\"true\" aria-invalid=\"false\" name=\"Verpflegung\"><option value=\"Ja\">Ja<\/option><option value=\"Nein\">Nein<\/option><\/select><\/span><\/label>\n<\/p>\n<p><label> Weitere Informationen (optional)<br \/>\n<span class=\"wpcf7-form-control-wrap\" data-name=\"your-message\"><textarea cols=\"40\" rows=\"10\" maxlength=\"2000\" class=\"wpcf7-form-control wpcf7-textarea\" aria-invalid=\"false\" name=\"your-message\"><\/textarea><\/span> <\/label>\n<\/p>\n<p><input class=\"wpcf7-form-control wpcf7-submit has-spinner\" type=\"submit\" value=\"Senden\" \/>\n<\/p><div class=\"wpcf7-response-output\" aria-hidden=\"true\"><\/div>\n<\/form>\n<\/div>\n<\/div>\n","protected":false},"excerpt":{"rendered":"<p>Sie f\u00fchren eine Veranstaltung durch und suchen nach einem professionellen Sanit\u00e4tsdienst: Kein Problem &#8211; Wir unterst\u00fctzen Sie gerne! Stellen Sie Ihre Anfrage an bereitschaftsleitung@drk-ov-germersheim.de. Falls Sie keine beh\u00f6rdliche Anordnung haben, ermitteln wir gerne gemeinsam mit Ihnen den Bedarf \u00dcbrigens: Je fr\u00fcher Sie uns anfragen, desto g\u00fcnstiger wird es f\u00fcr Sie. Gleichzeitig helfen Sie unseren ehrenamtlichen Helfer*innen fr\u00fchzeitig ihre Dienststunden einzuplanen. Jetzt eine unverbindliche Anfrage starten:<\/p>\n","protected":false},"author":1,"featured_media":0,"parent":0,"menu_order":0,"comment_status":"closed","ping_status":"closed","template":"","meta":{"footnotes":""},"class_list":["post-556","page","type-page","status-publish","hentry"],"_links":{"self":[{"href":"https:\/\/rotes-kreuz-germersheim.de\/index.php?rest_route=\/wp\/v2\/pages\/556","targetHints":{"allow":["GET"]}}],"collection":[{"href":"https:\/\/rotes-kreuz-germersheim.de\/index.php?rest_route=\/wp\/v2\/pages"}],"about":[{"href":"https:\/\/rotes-kreuz-germersheim.de\/index.php?rest_route=\/wp\/v2\/types\/page"}],"author":[{"embeddable":true,"href":"https:\/\/rotes-kreuz-germersheim.de\/index.php?rest_route=\/wp\/v2\/users\/1"}],"replies":[{"embeddable":true,"href":"https:\/\/rotes-kreuz-germersheim.de\/index.php?rest_route=%2Fwp%2Fv2%2Fcomments&post=556"}],"version-history":[{"count":3,"href":"https:\/\/rotes-kreuz-germersheim.de\/index.php?rest_route=\/wp\/v2\/pages\/556\/revisions"}],"predecessor-version":[{"id":731,"href":"https:\/\/rotes-kreuz-germersheim.de\/index.php?rest_route=\/wp\/v2\/pages\/556\/revisions\/731"}],"wp:attachment":[{"href":"https:\/\/rotes-kreuz-germersheim.de\/index.php?rest_route=%2Fwp%2Fv2%2Fmedia&parent=556"}],"curies":[{"name":"wp","href":"https:\/\/api.w.org\/{rel}","templated":true}]}}