{"id":2,"date":"2016-05-10T03:48:21","date_gmt":"2016-05-10T03:48:21","guid":{"rendered":"http:\/\/rotes-kreuz-germersheim.de\/?page_id=2"},"modified":"2025-03-16T16:55:00","modified_gmt":"2025-03-16T14:55:00","slug":"sample-page","status":"publish","type":"page","link":"https:\/\/rotes-kreuz-germersheim.de\/?page_id=2","title":{"rendered":"Bereitschaft"},"content":{"rendered":"<p><img fetchpriority=\"high\" decoding=\"async\" class=\"alignnone wp-image-925 \" src=\"https:\/\/rotes-kreuz-germersheim.de\/wp-content\/uploads\/2022\/07\/cropped-ehrenamt2-300x192.png\" alt=\"\" width=\"648\" height=\"415\" srcset=\"https:\/\/rotes-kreuz-germersheim.de\/wp-content\/uploads\/2022\/07\/cropped-ehrenamt2-300x192.png 300w, https:\/\/rotes-kreuz-germersheim.de\/wp-content\/uploads\/2022\/07\/cropped-ehrenamt2-1024x656.png 1024w, https:\/\/rotes-kreuz-germersheim.de\/wp-content\/uploads\/2022\/07\/cropped-ehrenamt2-768x492.png 768w, https:\/\/rotes-kreuz-germersheim.de\/wp-content\/uploads\/2022\/07\/cropped-ehrenamt2-1536x985.png 1536w, https:\/\/rotes-kreuz-germersheim.de\/wp-content\/uploads\/2022\/07\/cropped-ehrenamt2.png 2000w\" sizes=\"(max-width: 648px) 100vw, 648px\" \/><\/p>\n<p>Unsere Sanit\u00e4tsgruppe besteht derzeit aus etwa 15 aktiven Helferinnen und Helfern. Sie \u00fcbernehmen vielf\u00e4ltige Aufgaben. So betreuen sie unsere <a class=\"internal-link\" title=\"Weitere Informationen zum Blutspendedienst\" href=\"http:\/\/ovgerm.drkcms.de\/angebote\/blutspendedienst.html\" target=\"_self\" rel=\"noopener noreferrer\">Blutspendetermine<\/a>, Veranstaltungen im <a class=\"internal-link\" title=\"Weitere Informationen zum Sanit\u00e4tsdienst\" href=\"http:\/\/ovgerm.drkcms.de\/angebote\/sanitaetsdienst.html\" target=\"_self\" rel=\"noopener noreferrer\">Sanit\u00e4tsdienst<\/a> oder die St\u00e4nde auf des Vereins auf den \u00f6rtlichen Festen.<\/p>\n<h2>Was wir dir bieten:<\/h2>\n<p>Wir bilden dich kostenfrei als Sanit\u00e4ter*in aus und statten dich auch f\u00fcr dein neues Ehrenamt aus. Damit ist das DRK f\u00fcr dich ein Ehrenamt das &#8220;nur&#8221; Zeit kostet aber nicht deinen Geldbeutel belastet.<\/p>\n<p>Dar\u00fcber hinaus erwartet dich eine tolle Truppe und ein gro\u00dfartiges Wir-Gef\u00fchl sowohl im als auch au\u00dferhalb des Dienstes.<\/p>\n<h2>Was erwarten wir von dir:<\/h2>\n<p>Du solltest regelm\u00e4\u00dfig an den Dienstabenden teilnehmen k\u00f6nnen (Dienstags 19:30-20:30 Uhr)<\/p>\n<p>Du hast am Wochenende Zeit die Kurse zu besuchen. Die genauen Termine finden nat\u00fcrlich in Absprache mit dir statt.<\/p>\n<div class=\"csc-default\">\n<h2>Dabei sein?!<\/h2>\n<p>Du willst dabei sein oder einfach mal reinschnuppern, ob die Bereitschaft etwas f\u00fcr dich ist?<\/p>\n<p>Komm doch einfach am n\u00e4chsten Dienstag im DRK-Heim (z.Z. \u00dcbergangsweise in der alten Feuerwehr in der Sondernheimer Stra\u00dfe 5) vorbei. Ein Einstieg ist jederzeit m\u00f6glich.\u00a0<\/p>\n<p>Gerne kannst du dich auch vorher bei unserer Bereitschaftsleitung informieren welches Thema ansteht und ob es sich als Einstieg f\u00fcr Anf\u00e4nger eignet. Schreib Ihnen dazu einfach eine Mail an: <a>bereitschaftsleitung@rotes-kreuz-germersheim.de<\/a><\/p>\n<h2>Doch nicht so viel Zeit?<\/h2>\n<p>Melde dich gerne bei uns. F\u00fcr verschiedene Projekte suchen wir auch punktuelle Hilfe.<\/p>\n<p>Wir freuen uns auf dich!<\/p>\n<\/div>\n\n\n<p><\/p>\n\n\n<div class=\"wp-block-image\">\n<figure class=\"aligncenter size-large is-resized\"><img decoding=\"async\" width=\"1024\" height=\"768\" src=\"http:\/\/rotes-kreuz-germersheim.de\/wp-content\/uploads\/2020\/05\/WhatsApp-Image-2019-06-16-at-22.09.38-1-1024x768.jpeg\" alt=\"\" class=\"wp-image-152\" style=\"width:550px;height:413px\" srcset=\"https:\/\/rotes-kreuz-germersheim.de\/wp-content\/uploads\/2020\/05\/WhatsApp-Image-2019-06-16-at-22.09.38-1-1024x768.jpeg 1024w, https:\/\/rotes-kreuz-germersheim.de\/wp-content\/uploads\/2020\/05\/WhatsApp-Image-2019-06-16-at-22.09.38-1-300x225.jpeg 300w, https:\/\/rotes-kreuz-germersheim.de\/wp-content\/uploads\/2020\/05\/WhatsApp-Image-2019-06-16-at-22.09.38-1-768x576.jpeg 768w, https:\/\/rotes-kreuz-germersheim.de\/wp-content\/uploads\/2020\/05\/WhatsApp-Image-2019-06-16-at-22.09.38-1-1536x1152.jpeg 1536w, https:\/\/rotes-kreuz-germersheim.de\/wp-content\/uploads\/2020\/05\/WhatsApp-Image-2019-06-16-at-22.09.38-1.jpeg 1600w\" sizes=\"(max-width: 767px) 89vw, (max-width: 1000px) 54vw, (max-width: 1071px) 543px, 580px\" \/><\/figure>\n<\/div>\n\n\n<figure class=\"wp-block-gallery has-nested-images columns-default is-cropped wp-block-gallery-1 is-layout-flex wp-block-gallery-is-layout-flex\">\n<figure class=\"wp-block-image size-large is-style-rounded\"><img decoding=\"async\" width=\"1600\" height=\"1200\" data-id=\"847\" src=\"https:\/\/rotes-kreuz-germersheim.de\/wp-content\/uploads\/2022\/06\/IMG-20220626-WA0006.jpg\" alt=\"\" class=\"wp-image-847\" srcset=\"https:\/\/rotes-kreuz-germersheim.de\/wp-content\/uploads\/2022\/06\/IMG-20220626-WA0006.jpg 1600w, https:\/\/rotes-kreuz-germersheim.de\/wp-content\/uploads\/2022\/06\/IMG-20220626-WA0006-300x225.jpg 300w, https:\/\/rotes-kreuz-germersheim.de\/wp-content\/uploads\/2022\/06\/IMG-20220626-WA0006-1024x768.jpg 1024w, https:\/\/rotes-kreuz-germersheim.de\/wp-content\/uploads\/2022\/06\/IMG-20220626-WA0006-768x576.jpg 768w, https:\/\/rotes-kreuz-germersheim.de\/wp-content\/uploads\/2022\/06\/IMG-20220626-WA0006-1536x1152.jpg 1536w\" sizes=\"(max-width: 767px) 89vw, (max-width: 1000px) 54vw, (max-width: 1071px) 543px, 580px\" \/><\/figure>\n\n\n\n<figure class=\"wp-block-image size-large is-style-rounded\"><img loading=\"lazy\" decoding=\"async\" width=\"2560\" height=\"1920\" data-id=\"815\" src=\"https:\/\/rotes-kreuz-germersheim.de\/wp-content\/uploads\/2022\/06\/20220621_103152-scaled.jpg\" alt=\"\" class=\"wp-image-815\" srcset=\"https:\/\/rotes-kreuz-germersheim.de\/wp-content\/uploads\/2022\/06\/20220621_103152-scaled.jpg 2560w, https:\/\/rotes-kreuz-germersheim.de\/wp-content\/uploads\/2022\/06\/20220621_103152-300x225.jpg 300w, https:\/\/rotes-kreuz-germersheim.de\/wp-content\/uploads\/2022\/06\/20220621_103152-1024x768.jpg 1024w, https:\/\/rotes-kreuz-germersheim.de\/wp-content\/uploads\/2022\/06\/20220621_103152-768x576.jpg 768w, https:\/\/rotes-kreuz-germersheim.de\/wp-content\/uploads\/2022\/06\/20220621_103152-1536x1152.jpg 1536w, https:\/\/rotes-kreuz-germersheim.de\/wp-content\/uploads\/2022\/06\/20220621_103152-2048x1536.jpg 2048w\" sizes=\"(max-width: 767px) 89vw, (max-width: 1000px) 54vw, (max-width: 1071px) 543px, 580px\" \/><\/figure>\n\n\n\n<figure class=\"wp-block-image size-large is-style-rounded\"><img loading=\"lazy\" decoding=\"async\" width=\"2560\" height=\"1920\" data-id=\"812\" src=\"https:\/\/rotes-kreuz-germersheim.de\/wp-content\/uploads\/2022\/06\/20220619_181859-scaled.jpg\" alt=\"\" class=\"wp-image-812\" srcset=\"https:\/\/rotes-kreuz-germersheim.de\/wp-content\/uploads\/2022\/06\/20220619_181859-scaled.jpg 2560w, https:\/\/rotes-kreuz-germersheim.de\/wp-content\/uploads\/2022\/06\/20220619_181859-300x225.jpg 300w, https:\/\/rotes-kreuz-germersheim.de\/wp-content\/uploads\/2022\/06\/20220619_181859-1024x768.jpg 1024w, https:\/\/rotes-kreuz-germersheim.de\/wp-content\/uploads\/2022\/06\/20220619_181859-768x576.jpg 768w, https:\/\/rotes-kreuz-germersheim.de\/wp-content\/uploads\/2022\/06\/20220619_181859-1536x1152.jpg 1536w, https:\/\/rotes-kreuz-germersheim.de\/wp-content\/uploads\/2022\/06\/20220619_181859-2048x1536.jpg 2048w\" sizes=\"(max-width: 767px) 89vw, (max-width: 1000px) 54vw, (max-width: 1071px) 543px, 580px\" \/><\/figure>\n\n\n\n<figure class=\"wp-block-image size-large is-style-rounded\"><img loading=\"lazy\" decoding=\"async\" width=\"2560\" height=\"1920\" data-id=\"805\" src=\"https:\/\/rotes-kreuz-germersheim.de\/wp-content\/uploads\/2022\/06\/20220611_130318-scaled.jpg\" alt=\"\" class=\"wp-image-805\" srcset=\"https:\/\/rotes-kreuz-germersheim.de\/wp-content\/uploads\/2022\/06\/20220611_130318-scaled.jpg 2560w, https:\/\/rotes-kreuz-germersheim.de\/wp-content\/uploads\/2022\/06\/20220611_130318-300x225.jpg 300w, https:\/\/rotes-kreuz-germersheim.de\/wp-content\/uploads\/2022\/06\/20220611_130318-1024x768.jpg 1024w, https:\/\/rotes-kreuz-germersheim.de\/wp-content\/uploads\/2022\/06\/20220611_130318-768x576.jpg 768w, https:\/\/rotes-kreuz-germersheim.de\/wp-content\/uploads\/2022\/06\/20220611_130318-1536x1152.jpg 1536w, https:\/\/rotes-kreuz-germersheim.de\/wp-content\/uploads\/2022\/06\/20220611_130318-2048x1536.jpg 2048w\" sizes=\"(max-width: 767px) 89vw, (max-width: 1000px) 54vw, (max-width: 1071px) 543px, 580px\" \/><\/figure>\n\n\n\n<figure class=\"wp-block-image size-large is-style-rounded\"><img loading=\"lazy\" decoding=\"async\" width=\"1600\" height=\"1200\" data-id=\"771\" src=\"https:\/\/rotes-kreuz-germersheim.de\/wp-content\/uploads\/2022\/05\/WhatsApp-Image-2022-05-22-at-22.44.23.jpeg\" alt=\"\" class=\"wp-image-771\" srcset=\"https:\/\/rotes-kreuz-germersheim.de\/wp-content\/uploads\/2022\/05\/WhatsApp-Image-2022-05-22-at-22.44.23.jpeg 1600w, https:\/\/rotes-kreuz-germersheim.de\/wp-content\/uploads\/2022\/05\/WhatsApp-Image-2022-05-22-at-22.44.23-300x225.jpeg 300w, https:\/\/rotes-kreuz-germersheim.de\/wp-content\/uploads\/2022\/05\/WhatsApp-Image-2022-05-22-at-22.44.23-1024x768.jpeg 1024w, https:\/\/rotes-kreuz-germersheim.de\/wp-content\/uploads\/2022\/05\/WhatsApp-Image-2022-05-22-at-22.44.23-768x576.jpeg 768w, https:\/\/rotes-kreuz-germersheim.de\/wp-content\/uploads\/2022\/05\/WhatsApp-Image-2022-05-22-at-22.44.23-1536x1152.jpeg 1536w\" sizes=\"(max-width: 767px) 89vw, (max-width: 1000px) 54vw, (max-width: 1071px) 543px, 580px\" \/><\/figure>\n\n\n\n<figure class=\"wp-block-image size-large is-style-rounded\"><img loading=\"lazy\" decoding=\"async\" width=\"1600\" height=\"1200\" data-id=\"773\" src=\"https:\/\/rotes-kreuz-germersheim.de\/wp-content\/uploads\/2022\/05\/WhatsApp-Image-2022-05-22-at-22.44.23-2.jpeg\" alt=\"\" class=\"wp-image-773\" srcset=\"https:\/\/rotes-kreuz-germersheim.de\/wp-content\/uploads\/2022\/05\/WhatsApp-Image-2022-05-22-at-22.44.23-2.jpeg 1600w, https:\/\/rotes-kreuz-germersheim.de\/wp-content\/uploads\/2022\/05\/WhatsApp-Image-2022-05-22-at-22.44.23-2-300x225.jpeg 300w, https:\/\/rotes-kreuz-germersheim.de\/wp-content\/uploads\/2022\/05\/WhatsApp-Image-2022-05-22-at-22.44.23-2-1024x768.jpeg 1024w, https:\/\/rotes-kreuz-germersheim.de\/wp-content\/uploads\/2022\/05\/WhatsApp-Image-2022-05-22-at-22.44.23-2-768x576.jpeg 768w, https:\/\/rotes-kreuz-germersheim.de\/wp-content\/uploads\/2022\/05\/WhatsApp-Image-2022-05-22-at-22.44.23-2-1536x1152.jpeg 1536w\" sizes=\"(max-width: 767px) 89vw, (max-width: 1000px) 54vw, (max-width: 1071px) 543px, 580px\" \/><\/figure>\n\n\n\n<figure class=\"wp-block-image size-large is-style-rounded\"><img loading=\"lazy\" decoding=\"async\" width=\"2560\" height=\"1920\" data-id=\"713\" src=\"https:\/\/rotes-kreuz-germersheim.de\/wp-content\/uploads\/2022\/05\/20220521_131318-scaled.jpg\" alt=\"\" class=\"wp-image-713\" srcset=\"https:\/\/rotes-kreuz-germersheim.de\/wp-content\/uploads\/2022\/05\/20220521_131318-scaled.jpg 2560w, https:\/\/rotes-kreuz-germersheim.de\/wp-content\/uploads\/2022\/05\/20220521_131318-300x225.jpg 300w, https:\/\/rotes-kreuz-germersheim.de\/wp-content\/uploads\/2022\/05\/20220521_131318-1024x768.jpg 1024w, https:\/\/rotes-kreuz-germersheim.de\/wp-content\/uploads\/2022\/05\/20220521_131318-768x576.jpg 768w, https:\/\/rotes-kreuz-germersheim.de\/wp-content\/uploads\/2022\/05\/20220521_131318-1536x1152.jpg 1536w, https:\/\/rotes-kreuz-germersheim.de\/wp-content\/uploads\/2022\/05\/20220521_131318-2048x1536.jpg 2048w\" sizes=\"(max-width: 767px) 89vw, (max-width: 1000px) 54vw, (max-width: 1071px) 543px, 580px\" \/><\/figure>\n\n\n\n<figure class=\"wp-block-image size-large is-style-rounded\"><img loading=\"lazy\" decoding=\"async\" width=\"2000\" height=\"1200\" data-id=\"490\" src=\"https:\/\/rotes-kreuz-germersheim.de\/wp-content\/uploads\/2021\/12\/cropped-IMG-20211216-WA0000.jpg\" alt=\"\" class=\"wp-image-490\" srcset=\"https:\/\/rotes-kreuz-germersheim.de\/wp-content\/uploads\/2021\/12\/cropped-IMG-20211216-WA0000.jpg 2000w, https:\/\/rotes-kreuz-germersheim.de\/wp-content\/uploads\/2021\/12\/cropped-IMG-20211216-WA0000-300x180.jpg 300w, https:\/\/rotes-kreuz-germersheim.de\/wp-content\/uploads\/2021\/12\/cropped-IMG-20211216-WA0000-1024x614.jpg 1024w, https:\/\/rotes-kreuz-germersheim.de\/wp-content\/uploads\/2021\/12\/cropped-IMG-20211216-WA0000-768x461.jpg 768w, https:\/\/rotes-kreuz-germersheim.de\/wp-content\/uploads\/2021\/12\/cropped-IMG-20211216-WA0000-1536x922.jpg 1536w\" sizes=\"(max-width: 767px) 89vw, (max-width: 1000px) 54vw, (max-width: 1071px) 543px, 580px\" \/><\/figure>\n\n\n\n<figure class=\"wp-block-image size-large is-style-rounded\"><img loading=\"lazy\" decoding=\"async\" width=\"1600\" height=\"1200\" data-id=\"225\" src=\"https:\/\/rotes-kreuz-germersheim.de\/wp-content\/uploads\/2020\/05\/bjs.jpg\" alt=\"\" class=\"wp-image-225\" srcset=\"https:\/\/rotes-kreuz-germersheim.de\/wp-content\/uploads\/2020\/05\/bjs.jpg 1600w, https:\/\/rotes-kreuz-germersheim.de\/wp-content\/uploads\/2020\/05\/bjs-300x225.jpg 300w, https:\/\/rotes-kreuz-germersheim.de\/wp-content\/uploads\/2020\/05\/bjs-1024x768.jpg 1024w, https:\/\/rotes-kreuz-germersheim.de\/wp-content\/uploads\/2020\/05\/bjs-768x576.jpg 768w, https:\/\/rotes-kreuz-germersheim.de\/wp-content\/uploads\/2020\/05\/bjs-1536x1152.jpg 1536w\" sizes=\"(max-width: 767px) 89vw, (max-width: 1000px) 54vw, (max-width: 1071px) 543px, 580px\" \/><\/figure>\n<\/figure>\n\n\n\n<h3 class=\"wp-block-heading\">Unsere Dienstabende<\/h3>\n\n\n\n<p>Wir treffen uns jeden Dienstag von 19:30 bis 20:30 Uhr im DRK-Heim &#8220;An Fronte Beckers&#8221;. Dort werden wechselnde Themen der Ersten Hilfe&nbsp; besprochen und das Wissen darum aufgefrischt.<\/p>\n\n\n\n<div class=\"mec-wrap mec-skin-grid-container  \" id=\"mec_skin_871\">\r\n    \r\n        \r\n        <div class=\"mec-skin-grid-events-container\" id=\"mec_skin_events_871\">\r\n        Keine Veranstaltung gefunden!    <\/div>\r\n        \r\n        \r\n<\/div>\n\n\n\n<p><\/p>\n\n\n\n<figure class=\"wp-block-image size-full is-style-rounded\"><img loading=\"lazy\" decoding=\"async\" width=\"360\" height=\"268\" src=\"https:\/\/rotes-kreuz-germersheim.de\/wp-content\/uploads\/2020\/04\/fronte-beckers.jpg\" alt=\"\" class=\"wp-image-5\" srcset=\"https:\/\/rotes-kreuz-germersheim.de\/wp-content\/uploads\/2020\/04\/fronte-beckers.jpg 360w, https:\/\/rotes-kreuz-germersheim.de\/wp-content\/uploads\/2020\/04\/fronte-beckers-300x223.jpg 300w\" sizes=\"(max-width: 360px) 100vw, 360px\" \/><\/figure>\n\n\n\n<div class=\"wp-block-contact-form-7-contact-form-selector\">\n<div class=\"wpcf7 no-js\" id=\"wpcf7-f859-o1\" lang=\"de-DE\" dir=\"ltr\" data-wpcf7-id=\"859\">\n<div class=\"screen-reader-response\"><p role=\"status\" aria-live=\"polite\" aria-atomic=\"true\"><\/p> <ul><\/ul><\/div>\n<form action=\"\/index.php?rest_route=%2Fwp%2Fv2%2Fpages%2F2#wpcf7-f859-o1\" method=\"post\" class=\"wpcf7-form init\" aria-label=\"Kontaktformular\" novalidate=\"novalidate\" data-status=\"init\">\n<fieldset class=\"hidden-fields-container\"><input type=\"hidden\" name=\"_wpcf7\" value=\"859\" \/><input type=\"hidden\" name=\"_wpcf7_version\" value=\"6.1.4\" \/><input type=\"hidden\" name=\"_wpcf7_locale\" value=\"de_DE\" \/><input type=\"hidden\" name=\"_wpcf7_unit_tag\" value=\"wpcf7-f859-o1\" \/><input type=\"hidden\" name=\"_wpcf7_container_post\" value=\"0\" \/><input type=\"hidden\" name=\"_wpcf7_posted_data_hash\" value=\"\" \/>\n<\/fieldset>\n<p>Sch\u00f6n, dass du uns helfen willst. Woran interessierst du dich denn genau?<br \/>\n<span class=\"wpcf7-form-control-wrap\" data-name=\"taetigkeiten\"><span class=\"wpcf7-form-control wpcf7-checkbox\"><span class=\"wpcf7-list-item first\"><label><input type=\"checkbox\" name=\"taetigkeiten[]\" value=\"Sanit\u00e4ter*in\" \/><span class=\"wpcf7-list-item-label\">Sanit\u00e4ter*in<\/span><\/label><\/span><span class=\"wpcf7-list-item\"><label><input type=\"checkbox\" name=\"taetigkeiten[]\" value=\"Verpflegungsteam\" \/><span class=\"wpcf7-list-item-label\">Verpflegungsteam<\/span><\/label><\/span><span class=\"wpcf7-list-item last\"><label><input type=\"checkbox\" name=\"taetigkeiten[]\" value=\"Jugendrotkreuz\" \/><span class=\"wpcf7-list-item-label\">Jugendrotkreuz<\/span><\/label><\/span><\/span><\/span><label> Dein Name<br \/>\n<span class=\"wpcf7-form-control-wrap\" data-name=\"your-name\"><input size=\"40\" maxlength=\"400\" class=\"wpcf7-form-control wpcf7-text wpcf7-validates-as-required\" aria-required=\"true\" aria-invalid=\"false\" value=\"\" type=\"text\" name=\"your-name\" \/><\/span> <\/label>\n<\/p>\n<p><label> Deine E-Mail-Adresse<br \/>\n<span class=\"wpcf7-form-control-wrap\" data-name=\"your-email\"><input size=\"40\" maxlength=\"400\" class=\"wpcf7-form-control wpcf7-email wpcf7-validates-as-required wpcf7-text wpcf7-validates-as-email\" aria-required=\"true\" aria-invalid=\"false\" value=\"\" type=\"email\" name=\"your-email\" \/><\/span> <\/label>\n<\/p>\n<p><label> Deine Telefonnummer (optional)<br \/>\n<span class=\"wpcf7-form-control-wrap\" data-name=\"tel-127\"><input size=\"40\" maxlength=\"400\" class=\"wpcf7-form-control wpcf7-tel wpcf7-text wpcf7-validates-as-tel\" aria-invalid=\"false\" value=\"\" type=\"tel\" name=\"tel-127\" \/><\/span> <\/label>\n<\/p>\n<p><label> Deine Nachricht (optional)<br \/>\n<span class=\"wpcf7-form-control-wrap\" data-name=\"your-message\"><textarea cols=\"40\" rows=\"10\" maxlength=\"2000\" class=\"wpcf7-form-control wpcf7-textarea\" aria-invalid=\"false\" name=\"your-message\"><\/textarea><\/span> <\/label>\n<\/p>\n<p><input class=\"wpcf7-form-control wpcf7-submit has-spinner\" type=\"submit\" value=\"Senden\" \/>\n<\/p><div class=\"wpcf7-response-output\" aria-hidden=\"true\"><\/div>\n<\/form>\n<\/div>\n<\/div>\n\n\n\n<h3 class=\"wp-block-heading\">Deine Ansprechpartner<\/h3>\n\n\n\n<div class=\"wp-block-columns is-layout-flex wp-container-core-columns-is-layout-9d6595d7 wp-block-columns-is-layout-flex\">\n<div class=\"wp-block-column is-layout-flow wp-block-column-is-layout-flow\">\n<figure class=\"wp-block-image size-large is-resized is-style-rounded\"><img loading=\"lazy\" decoding=\"async\" width=\"851\" height=\"850\" src=\"http:\/\/rotes-kreuz-germersheim.de\/wp-content\/uploads\/2020\/05\/image-5.png\" alt=\"\" class=\"wp-image-234\" style=\"width:135px\" srcset=\"https:\/\/rotes-kreuz-germersheim.de\/wp-content\/uploads\/2020\/05\/image-5.png 851w, https:\/\/rotes-kreuz-germersheim.de\/wp-content\/uploads\/2020\/05\/image-5-300x300.png 300w, https:\/\/rotes-kreuz-germersheim.de\/wp-content\/uploads\/2020\/05\/image-5-150x150.png 150w, https:\/\/rotes-kreuz-germersheim.de\/wp-content\/uploads\/2020\/05\/image-5-768x767.png 768w, https:\/\/rotes-kreuz-germersheim.de\/wp-content\/uploads\/2020\/05\/image-5-100x100.png 100w\" sizes=\"(max-width: 767px) 89vw, (max-width: 1000px) 54vw, (max-width: 1071px) 543px, 580px\" \/><\/figure>\n\n\n\n<p><\/p>\n<\/div>\n\n\n\n<div class=\"wp-block-column is-layout-flow wp-block-column-is-layout-flow\">\n<p>Bereitschaftsleiter<\/p>\n\n\n\n<p class=\"has-small-font-size\"><strong><em>Christopher Stangohr<\/em><\/strong><br><a href=\"mailto:c.stangohr@rotes-kreuz-germersheim.de\">c.stangohr@rotes-kreuz-germersheim.de<\/a><\/p>\n\n\n\n<p><\/p>\n<\/div>\n<\/div>\n\n\n\n<div class=\"wp-block-columns is-layout-flex wp-container-core-columns-is-layout-9d6595d7 wp-block-columns-is-layout-flex\">\n<div class=\"wp-block-column is-layout-flow wp-block-column-is-layout-flow\">\n<figure class=\"wp-block-image size-large is-style-rounded\"><img loading=\"lazy\" decoding=\"async\" width=\"133\" height=\"135\" src=\"http:\/\/rotes-kreuz-germersheim.de\/wp-content\/uploads\/2020\/05\/image-6.png\" alt=\"\" class=\"wp-image-235\"\/><\/figure>\n<\/div>\n\n\n\n<div class=\"wp-block-column is-layout-flow wp-block-column-is-layout-flow\">\n<p>stellvertender Bereitschaftsleiter<\/p>\n\n\n\n<p class=\"has-small-font-size\"><strong><em>Witali Dalinger<\/em><\/strong><br><a href=\"w.dalinger@rotes-kreuz-germersheim.de\">w.dalinger@rotes-kreuz-germersheim.de<\/a><\/p>\n<\/div>\n<\/div>\n\n\n\n<p><\/p>\n","protected":false},"excerpt":{"rendered":"<p>Unsere Sanit\u00e4tsgruppe besteht derzeit aus etwa 15 aktiven Helferinnen und Helfern. Sie \u00fcbernehmen vielf\u00e4ltige Aufgaben. So betreuen sie unsere Blutspendetermine, Veranstaltungen im Sanit\u00e4tsdienst oder die St\u00e4nde auf des Vereins auf den \u00f6rtlichen Festen. Was wir dir bieten: Wir bilden dich kostenfrei als Sanit\u00e4ter*in aus und statten dich auch f\u00fcr dein neues Ehrenamt aus. Damit ist das DRK f\u00fcr dich ein Ehrenamt das &#8220;nur&#8221; Zeit kostet aber nicht deinen Geldbeutel belastet. Dar\u00fcber hinaus erwartet dich eine tolle Truppe und ein gro\u00dfartiges Wir-Gef\u00fchl sowohl im als auch au\u00dferhalb des Dienstes. Was erwarten wir von dir: Du solltest regelm\u00e4\u00dfig an den Dienstabenden teilnehmen k\u00f6nnen (Dienstags 19:30-20:30 Uhr) Du hast am Wochenende Zeit die Kurse zu besuchen. Die genauen Termine finden nat\u00fcrlich in Absprache mit dir statt. Dabei sein?! Du willst dabei sein oder einfach mal reinschnuppern, ob die Bereitschaft etwas f\u00fcr dich ist? Komm doch einfach am n\u00e4chsten Dienstag im DRK-Heim (z.Z. \u00dcbergangsweise in der alten Feuerwehr in der Sondernheimer Stra\u00dfe 5) vorbei. Ein Einstieg ist jederzeit m\u00f6glich.\u00a0 Gerne kannst du dich auch vorher bei unserer Bereitschaftsleitung informieren welches Thema ansteht und ob es sich als Einstieg f\u00fcr Anf\u00e4nger eignet. Schreib Ihnen dazu einfach eine Mail an: bereitschaftsleitung@rotes-kreuz-germersheim.de Doch nicht so viel Zeit? Melde dich gerne bei uns. F\u00fcr verschiedene Projekte suchen wir auch punktuelle Hilfe. Wir freuen uns auf dich! Unsere Dienstabende Wir treffen uns jeden Dienstag von 19:30 bis 20:30 Uhr im DRK-Heim &#8220;An Fronte Beckers&#8221;. Dort werden wechselnde Themen der Ersten Hilfe&nbsp; besprochen und das Wissen darum aufgefrischt. Deine Ansprechpartner Bereitschaftsleiter Christopher Stangohrc.stangohr@rotes-kreuz-germersheim.de stellvertender Bereitschaftsleiter Witali Dalingerw.dalinger@rotes-kreuz-germersheim.de<\/p>\n","protected":false},"author":1,"featured_media":0,"parent":0,"menu_order":0,"comment_status":"open","ping_status":"open","template":"","meta":{"footnotes":""},"class_list":["post-2","page","type-page","status-publish","hentry"],"_links":{"self":[{"href":"https:\/\/rotes-kreuz-germersheim.de\/index.php?rest_route=\/wp\/v2\/pages\/2","targetHints":{"allow":["GET"]}}],"collection":[{"href":"https:\/\/rotes-kreuz-germersheim.de\/index.php?rest_route=\/wp\/v2\/pages"}],"about":[{"href":"https:\/\/rotes-kreuz-germersheim.de\/index.php?rest_route=\/wp\/v2\/types\/page"}],"author":[{"embeddable":true,"href":"https:\/\/rotes-kreuz-germersheim.de\/index.php?rest_route=\/wp\/v2\/users\/1"}],"replies":[{"embeddable":true,"href":"https:\/\/rotes-kreuz-germersheim.de\/index.php?rest_route=%2Fwp%2Fv2%2Fcomments&post=2"}],"version-history":[{"count":19,"href":"https:\/\/rotes-kreuz-germersheim.de\/index.php?rest_route=\/wp\/v2\/pages\/2\/revisions"}],"predecessor-version":[{"id":1682,"href":"https:\/\/rotes-kreuz-germersheim.de\/index.php?rest_route=\/wp\/v2\/pages\/2\/revisions\/1682"}],"wp:attachment":[{"href":"https:\/\/rotes-kreuz-germersheim.de\/index.php?rest_route=%2Fwp%2Fv2%2Fmedia&parent=2"}],"curies":[{"name":"wp","href":"https:\/\/api.w.org\/{rel}","templated":true}]}}