{"id":170,"date":"2020-05-03T10:31:19","date_gmt":"2020-05-03T10:31:19","guid":{"rendered":"http:\/\/rotes-kreuz-germersheim.de\/?page_id=170"},"modified":"2020-05-03T10:31:19","modified_gmt":"2020-05-03T10:31:19","slug":"ablauf-einer-blutspende","status":"publish","type":"page","link":"https:\/\/rotes-kreuz-germersheim.de\/?page_id=170","title":{"rendered":"Ablauf einer Blutspende"},"content":{"rendered":"\n<p>Blutspendern ist das Verfahren bereits bekannt. Wer jedoch zum ersten Mal spendet oder noch nicht ganz entschlossen ist, hat wahrscheinlich viele Fragen oder auch Bedenken. Um Ihnen Ihre Entscheidung etwas zu erleichtern, stellen wir Ihnen hier die wichtigsten Stationen einer Blutspende vor und hoffen, auch Sie bald bei einem unserer Blutspendetermine begr\u00fc\u00dfen zu d\u00fcrfen.<\/p>\n\n\n\n<h2 class=\"wp-block-heading\">Anmeldung<\/h2>\n\n\n\n<p>An der Anmeldung werden zuerst Ihre pers\u00f6nlichen Daten \u00fcberpr\u00fcft. Bei Erstspendern werden diese Daten von uns erfasst, denn wir m\u00fcssen ja jede Spende genau dokumentieren. Hierf\u00fcr ben\u00f6tigen Sie nicht nur Ihren Blutspender- und Unfallhilfepass sondern auch unbedingt einen g\u00fcltigen Lichtbildausweis (z.B. Personalausweis).<\/p>\n\n\n\n<h2 class=\"wp-block-heading\">Feststellung wichtiger Gesundheitsdaten<\/h2>\n\n\n\n<p>Danach werden die K\u00f6rpertemperatur (im Ohr) und der Blutfarbstoffgehalt (H\u00e4moglobinwert) festgestellt. Ein winziges Tr\u00f6pfchen aus der Fingerkuppe oder dem Ohrl\u00e4ppchen reicht daf\u00fcr aus. Blutdruck und Puls werden gemessen und alle Werte werden dokumentiert. Diese Daten geben zusammen mit dem ausgef\u00fcllten Anamnese-Fragebogen dem Arzt wertvolle Hinweise f\u00fcr seine Entscheidung \u00fcber die Zulassung zur Blutspende.<\/p>\n\n\n\n<h2 class=\"wp-block-heading\">Anamnese und Spenderzulassung<\/h2>\n\n\n\n<p>Vor jeder Blutspende f\u00fcllen Sie einen ausf\u00fchrlichen Fragebogen \u00fcber Ihre Gesundheitsgeschichte aus. Ein approbierter Arzt bespricht mit Ihnen den Fragebogen, die erhobenen Gesundheitsdaten und entscheidet dann, ob Sie zur Blutspende zugelassen werden k\u00f6nnen, oder ob Sie zeitlich befristet oder sogar auf Dauer von einer Blutspende ausgeschlossen werden m\u00fcssen. Die Gr\u00fcnde werden Ihnen nat\u00fcrlich erl\u00e4utert.<\/p>\n\n\n\n<h2 class=\"wp-block-heading\">Blutentnahme<\/h2>\n\n\n\n<p>Nun folgt die eigentliche Blutspende. Sie legen sich aufs Entnahmebett. Nach einem kleinen Pieks durch eine unserer erfahrenen Krankenschwestern werden Ihnen ca. 500 ml Blut entnommen. Zus\u00e4tzlich bef\u00fcllen wir drei bzw. vier Laborr\u00f6hrchen f\u00fcr die Untersuchung Ihrer Blutspende in unserem Labor. Das dauert ungef\u00e4hr zehn Minuten. Der Einstich wird mit einem Pflaster oder einem kleinen Verband geschlossen.<\/p>\n\n\n\n<h2 class=\"wp-block-heading\">Ruhezeit und Verpflegung<\/h2>\n\n\n\n<p>Nach der Blutentnahme sollten Sie etwa zehn Minuten ruhen.&nbsp;So kann sich Ihr Kreislauf an die ver\u00e4nderten Bedingungen nach der Blutentnahme gew\u00f6hnen. Anschlie\u00dfend treffen Sie sich mit den anderen Spendern bei einem Imbiss. Sollten Sie sich nicht wohl f\u00fchlen, so ist medizinisch geschultes Personal sofort verf\u00fcgbar. Sie haben jetzt etwa eine Stunde Ihrer Zeit geopfert, aber geholfen, Leben zu retten.<\/p>\n\n\n\n<h3 class=\"wp-block-heading\">Vielen Dank allen Blutspendern!<\/h3>\n\n\n\n<p><\/p>\n","protected":false},"excerpt":{"rendered":"<p>Blutspendern ist das Verfahren bereits bekannt. Wer jedoch zum ersten Mal spendet oder noch nicht ganz entschlossen ist, hat wahrscheinlich viele Fragen oder auch Bedenken. Um Ihnen Ihre Entscheidung etwas zu erleichtern, stellen wir Ihnen hier die wichtigsten Stationen einer Blutspende vor und hoffen, auch Sie bald bei einem unserer Blutspendetermine begr\u00fc\u00dfen zu d\u00fcrfen. Anmeldung An der Anmeldung werden zuerst Ihre pers\u00f6nlichen Daten \u00fcberpr\u00fcft. Bei Erstspendern werden diese Daten von uns erfasst, denn wir m\u00fcssen ja jede Spende genau dokumentieren. Hierf\u00fcr ben\u00f6tigen Sie nicht nur Ihren Blutspender- und Unfallhilfepass sondern auch unbedingt einen g\u00fcltigen Lichtbildausweis (z.B. Personalausweis). Feststellung wichtiger Gesundheitsdaten Danach werden die K\u00f6rpertemperatur (im Ohr) und der Blutfarbstoffgehalt (H\u00e4moglobinwert) festgestellt. Ein winziges Tr\u00f6pfchen aus der Fingerkuppe oder dem Ohrl\u00e4ppchen reicht daf\u00fcr aus. Blutdruck und Puls werden gemessen und alle Werte werden dokumentiert. Diese Daten geben zusammen mit dem ausgef\u00fcllten Anamnese-Fragebogen dem Arzt wertvolle Hinweise f\u00fcr seine Entscheidung \u00fcber die Zulassung zur Blutspende. Anamnese und Spenderzulassung Vor jeder Blutspende f\u00fcllen Sie einen ausf\u00fchrlichen Fragebogen \u00fcber Ihre Gesundheitsgeschichte aus. Ein approbierter Arzt bespricht mit Ihnen den Fragebogen, die erhobenen Gesundheitsdaten und entscheidet dann, ob Sie zur Blutspende zugelassen werden k\u00f6nnen, oder ob Sie zeitlich befristet oder sogar auf Dauer von einer Blutspende ausgeschlossen werden m\u00fcssen. Die Gr\u00fcnde werden Ihnen nat\u00fcrlich erl\u00e4utert. Blutentnahme Nun folgt die eigentliche Blutspende. Sie legen sich aufs Entnahmebett. Nach einem kleinen Pieks durch eine unserer erfahrenen Krankenschwestern werden Ihnen ca. 500 ml Blut entnommen. Zus\u00e4tzlich bef\u00fcllen wir drei bzw. vier Laborr\u00f6hrchen f\u00fcr die Untersuchung Ihrer Blutspende in unserem Labor. Das dauert ungef\u00e4hr zehn Minuten. Der Einstich wird mit einem Pflaster oder einem kleinen Verband geschlossen. Ruhezeit und Verpflegung Nach der Blutentnahme sollten Sie etwa zehn Minuten ruhen.&nbsp;So kann sich Ihr Kreislauf an die ver\u00e4nderten Bedingungen nach der Blutentnahme gew\u00f6hnen. Anschlie\u00dfend treffen Sie sich mit den anderen Spendern bei einem Imbiss. Sollten Sie sich nicht wohl f\u00fchlen, so ist medizinisch geschultes Personal sofort verf\u00fcgbar. Sie haben jetzt etwa eine Stunde Ihrer Zeit geopfert, aber geholfen, Leben zu retten. Vielen Dank allen Blutspendern!<\/p>\n","protected":false},"author":1,"featured_media":0,"parent":0,"menu_order":0,"comment_status":"closed","ping_status":"closed","template":"","meta":{"footnotes":""},"class_list":["post-170","page","type-page","status-publish","hentry"],"_links":{"self":[{"href":"https:\/\/rotes-kreuz-germersheim.de\/index.php?rest_route=\/wp\/v2\/pages\/170","targetHints":{"allow":["GET"]}}],"collection":[{"href":"https:\/\/rotes-kreuz-germersheim.de\/index.php?rest_route=\/wp\/v2\/pages"}],"about":[{"href":"https:\/\/rotes-kreuz-germersheim.de\/index.php?rest_route=\/wp\/v2\/types\/page"}],"author":[{"embeddable":true,"href":"https:\/\/rotes-kreuz-germersheim.de\/index.php?rest_route=\/wp\/v2\/users\/1"}],"replies":[{"embeddable":true,"href":"https:\/\/rotes-kreuz-germersheim.de\/index.php?rest_route=%2Fwp%2Fv2%2Fcomments&post=170"}],"version-history":[{"count":1,"href":"https:\/\/rotes-kreuz-germersheim.de\/index.php?rest_route=\/wp\/v2\/pages\/170\/revisions"}],"predecessor-version":[{"id":171,"href":"https:\/\/rotes-kreuz-germersheim.de\/index.php?rest_route=\/wp\/v2\/pages\/170\/revisions\/171"}],"wp:attachment":[{"href":"https:\/\/rotes-kreuz-germersheim.de\/index.php?rest_route=%2Fwp%2Fv2%2Fmedia&parent=170"}],"curies":[{"name":"wp","href":"https:\/\/api.w.org\/{rel}","templated":true}]}}